{"id":37,"date":"2026-03-18T11:45:27","date_gmt":"2026-03-18T10:45:27","guid":{"rendered":"https:\/\/hyogge.fr\/?page_id=37"},"modified":"2026-03-20T11:13:48","modified_gmt":"2026-03-20T10:13:48","slug":"a-propos","status":"publish","type":"page","link":"https:\/\/hyogge.fr\/?page_id=37","title":{"rendered":"A propos"},"content":{"rendered":"\n<div class=\"wp-block-media-text is-stacked-on-mobile\" style=\"padding-top:var(--wp--preset--spacing--50);padding-right:var(--wp--preset--spacing--50);padding-bottom:var(--wp--preset--spacing--50);padding-left:var(--wp--preset--spacing--50);grid-template-columns:40% auto\"><figure class=\"wp-block-media-text__media\"><img loading=\"lazy\" decoding=\"async\" width=\"787\" height=\"1024\" src=\"https:\/\/hyogge.fr\/wp-content\/uploads\/2026\/03\/PXL_20260308_151832350.PORTRAIT-Copie-787x1024.jpg\" alt=\"\" class=\"wp-image-237 size-full\" srcset=\"https:\/\/hyogge.fr\/wp-content\/uploads\/2026\/03\/PXL_20260308_151832350.PORTRAIT-Copie-787x1024.jpg 787w, https:\/\/hyogge.fr\/wp-content\/uploads\/2026\/03\/PXL_20260308_151832350.PORTRAIT-Copie-231x300.jpg 231w, https:\/\/hyogge.fr\/wp-content\/uploads\/2026\/03\/PXL_20260308_151832350.PORTRAIT-Copie-768x999.jpg 768w, https:\/\/hyogge.fr\/wp-content\/uploads\/2026\/03\/PXL_20260308_151832350.PORTRAIT-Copie-1181x1536.jpg 1181w, https:\/\/hyogge.fr\/wp-content\/uploads\/2026\/03\/PXL_20260308_151832350.PORTRAIT-Copie-1574x2048.jpg 1574w, https:\/\/hyogge.fr\/wp-content\/uploads\/2026\/03\/PXL_20260308_151832350.PORTRAIT-Copie-scaled.jpg 1968w\" sizes=\"auto, (max-width: 787px) 100vw, 787px\" \/><\/figure><div class=\"wp-block-media-text__content\">\n<h1 class=\"wp-block-heading\" style=\"padding-top:var(--wp--preset--spacing--30);padding-right:var(--wp--preset--spacing--30);padding-bottom:var(--wp--preset--spacing--30);padding-left:var(--wp--preset--spacing--30)\">Hello moi c&#8217;est Morgane!<\/h1>\n\n\n\n<p class=\"has-x-large-font-size\">J&#8217;ai 32 ans. Le yoga fait partie de ma vie depuis 10 ans. Il a \u00e9t\u00e9 un soutien pour <em>apaiser mon anxi\u00e9t\u00e9<\/em>, et pour <em>canaliser mon \u00e9nergie<\/em>.<\/p>\n\n\n\n<p>Je n&#8217;ai pas tout de suite aim\u00e9 le yoga. J&#8217;ai pers\u00e9v\u00e9r\u00e9 en commen\u00e7ant par la pratique posturale dynamique (Vinyasa) comme d\u00e9fouloir. Sans m&#8217;en rendre compte, je me suis reconnect\u00e9e \u00e0 mon corps, \u00e0 mes sensations et \u00e0 ma respiration. Ressentir dans mon corps m\u2019a aid\u00e9 \u00e0 l\u00e2cher un peu plus mon mental souvent trop pr\u00e9sent.<\/p>\n\n\n\n<p class=\"has-custom-olive-bark-color has-text-color has-link-color wp-elements-4fe495849164a514ebf5072e93918a04\">L&#8217;id\u00e9e de transmettre le yoga m&#8217;est venue naturellement parce que je b\u00e9n\u00e9ficie tous les jours des bienfaits de cette pratique : <em>apaisement mental et \u00e9motions, plus de confiance en mon corps.<\/em><\/p>\n\n\n\n<p>Je me suis donc form\u00e9e en <strong>yoga int\u00e9gral <\/strong>en 2019. J&#8217;ai pris le temps d&#8217;int\u00e9grer cette pratique \u00e0 mon quotidien en parall\u00e8le de mes \u00e9tudes et de mon ancien travail. J&#8217;ai longtemps h\u00e9sit\u00e9 \u00e0 me lancer jusqu&#8217;\u00e0 ce que je me sente pr\u00eate \u00e0 g\u00e9rer une vie d&#8217;entrepreneure et l\u00e9gitime d&#8217;\u00eatre professeure de yoga avec la joie qui m&#8217;anime de pratiquer et d&#8217;enseigner le yoga.<\/p>\n\n\n\n<p>Apr\u00e8s avoir travaill\u00e9 5 ans dans le secteur du dispositif m\u00e9dical, je cr\u00e9e mon entreprise <strong>Hyogge <\/strong>(\u201chy-o-gueu\u201d) pour enfin transmettre le yoga.<\/p>\n\n\n\n<p class=\"has-text-align-left has-custom-olive-bark-color has-custom-petal-frost-background-color has-text-color has-background has-link-color has-meow-script-font-family wp-elements-7a2af58d79dd396f834880a5ac5946b4\">\ud83c\udf38 Je suis ravie de commencer une nouvelle aventure professionnelle et de vous accueillir dans mes cours. \ud83d\ude42<\/p>\n\n\n\n<div class=\"wp-block-buttons is-content-justification-left is-layout-flex wp-container-core-buttons-is-layout-fc4fd283 wp-block-buttons-is-layout-flex\">\n<div class=\"wp-block-button\"><a class=\"wp-block-button__link wp-element-button\" href=\"https:\/\/www.momoyoga.com\/hyogge\" target=\"_blank\" rel=\"noreferrer noopener\"><strong>Je m&#8217;inscris<\/strong><\/a><\/div>\n<\/div>\n<\/div><\/div>\n\n\n\n<div class=\"wp-block-group has-global-padding is-layout-constrained wp-container-core-group-is-layout-db32e940 wp-block-group-is-layout-constrained\" style=\"padding-top:var(--wp--preset--spacing--60);padding-right:var(--wp--preset--spacing--60);padding-bottom:var(--wp--preset--spacing--60);padding-left:var(--wp--preset--spacing--60)\">\n<div class=\"wp-block-group alignwide is-vertical is-content-justification-center is-layout-flex wp-container-core-group-is-layout-ce155fab wp-block-group-is-layout-flex\">\n<h1 class=\"wp-block-heading has-text-align-center\" style=\"padding-top:var(--wp--preset--spacing--30);padding-right:var(--wp--preset--spacing--30);padding-bottom:var(--wp--preset--spacing--30);padding-left:var(--wp--preset--spacing--30)\"><strong>Hyogge <\/strong>c&#8217;est quoi ? et pourquoi ?<\/h1>\n\n\n\n<p class=\"has-text-align-center\">Hyogge est mon studio de yoga nomade entre Saint-\u00c9tienne et Andr\u00e9zieux-Bouth\u00e9on, <strong>pour tous et sp\u00e9cialis\u00e9 pour les femmes.<\/strong><\/p>\n\n\n\n<p class=\"has-text-align-center\">Il est important pour moi d\u2019offrir une atmosph\u00e8re de pratique bienveillante et chaleureuse pour un moment <strong>hyggeligt<\/strong> qui vient du hygge, mot danois prononc\u00e9 \u201chu-gueu\u201d. Le hygge d\u00e9signe un art de vivre et\/ou un \u00e9tat d\u2019esprit positif qui consiste \u00e0 cr\u00e9er des moments heureux et simples dans son quotidien le plus souvent dans une ambiance conviviale et chaleureuse.<\/p>\n\n\n\n<p class=\"has-text-align-center has-custom-olive-bark-color has-text-color has-link-color wp-elements-5b8a86c30bf4e751e9ec5044bdbf8323\">Vous l&#8217;aurez compris Hyogge vient de l&#8217;association du mot yoga et du mot hygge pour refl\u00e9ter mon exp\u00e9rience d&#8217;un <em>yoga joyeux favorisant la vitalit\u00e9 et le vivre ensemble<\/em>.<\/p>\n\n\n\n<p class=\"has-text-align-center\">Dans mes cours, j&#8217;apporte de la joie et de la conscience dans le mouvement pour vous motiver \u00e0 prendre soin de vous et de votre environnement.<\/p>\n\n\n\n<div style=\"height:24px\" aria-hidden=\"true\" class=\"wp-block-spacer wp-container-content-541a6b20\"><\/div>\n\n\n\n<div class=\"wp-block-buttons is-layout-flex wp-block-buttons-is-layout-flex\">\n<div class=\"wp-block-button is-style-outline is-style-outline--1\"><a class=\"wp-block-button__link has-custom-olive-bark-color has-text-color has-link-color wp-element-button\" href=\"https:\/\/www.momoyoga.com\/hyogge\" style=\"border-width:2px\" target=\"_blank\" rel=\"noreferrer noopener\"><strong>Je viens vivre l&#8217;exp\u00e9rience HYOGGE<\/strong> \ud83c\udf3b<\/a><\/div>\n<\/div>\n<\/div>\n<\/div>\n\n\n\n<div class=\"wp-block-group has-custom-olive-bark-background-color has-background has-global-padding is-layout-constrained wp-container-core-group-is-layout-db32e940 wp-block-group-is-layout-constrained\" style=\"padding-top:var(--wp--preset--spacing--60);padding-right:var(--wp--preset--spacing--60);padding-bottom:var(--wp--preset--spacing--60);padding-left:var(--wp--preset--spacing--60)\">\n<div class=\"wp-block-group alignwide is-vertical is-layout-flex wp-container-core-group-is-layout-fe9cc265 wp-block-group-is-layout-flex\">\n<h1 class=\"wp-block-heading has-custom-petal-frost-color has-custom-olive-bark-background-color has-text-color has-background has-link-color wp-elements-1224909f7cda1029a97639455a64c03b\" style=\"padding-top:var(--wp--preset--spacing--30);padding-right:var(--wp--preset--spacing--30);padding-bottom:var(--wp--preset--spacing--30);padding-left:var(--wp--preset--spacing--30)\">Mes formations<\/h1>\n\n\n\n<p class=\"has-custom-petal-frost-color has-text-color has-link-color wp-elements-91b2d0bcd20a38b4a4216b1c461ec2e9\">Je mets un point d&#8217;honneur \u00e0 me former r\u00e9guli\u00e8rement :<\/p>\n\n\n\n<ul class=\"wp-block-list has-custom-floral-white-color has-text-color has-link-color wp-elements-ea4bca40fbcfbc3e498e072ce8a87d3a\">\n<li>A venir : Programme de mobilit\u00e9 &#8211; niveau 2, Ayu Yoga School<\/li>\n\n\n\n<li>A venir : Les fascias &#8211; Anatomie appliqu\u00e9e au yoga, Marie Lecuyer &amp; Raconte-moi le yoga<\/li>\n\n\n\n<li>2025-2026 (en cours) : Formation Atlas du corps en mouvement, Marie Lecuyer<\/li>\n\n\n\n<li>2025 : Formation Endom\u00e9triose et douleurs pelviennes, Institut De Gasquet<\/li>\n\n\n\n<li>2025 : Formation Yoga pr\u00e9natal et postnatal et physiologie de la maternit\u00e9, Institut De Gasquet<\/li>\n\n\n\n<li>2025 : Formation Approche Posturo-Respiratoire, Institut De Gasquet<\/li>\n\n\n\n<li>2024 : Programme de mobilit\u00e9 &#8211; niveau 1, Ayu Yoga School<\/li>\n\n\n\n<li>2018-2019 : Formation Yoga int\u00e9gal, Morgane LeGoff<\/li>\n\n\n\n<li>2018 : Formation Yoga pour enfants et familles, Rainbow Yoga Training<\/li>\n\n\n\n<li>2017-2018 : BAFA activit\u00e9s cr\u00e9atives et manuelles<\/li>\n<\/ul>\n<\/div>\n<\/div>\n","protected":false},"excerpt":{"rendered":"<p>Hyogge c&#8217;est quoi ? et pourquoi ? Hyogge est mon studio de yoga nomade entre Saint-\u00c9tienne et Andr\u00e9zieux-Bouth\u00e9on, pour tous et sp\u00e9cialis\u00e9 pour les femmes. Il est important pour moi d\u2019offrir une atmosph\u00e8re de pratique bienveillante et chaleureuse pour un moment hyggeligt qui vient du hygge, mot danois prononc\u00e9 \u201chu-gueu\u201d. Le hygge d\u00e9signe un art [&hellip;]<\/p>\n","protected":false},"author":1,"featured_media":0,"parent":0,"menu_order":0,"comment_status":"closed","ping_status":"closed","template":"test","meta":{"footnotes":""},"class_list":["post-37","page","type-page","status-publish","hentry"],"_links":{"self":[{"href":"https:\/\/hyogge.fr\/index.php?rest_route=\/wp\/v2\/pages\/37","targetHints":{"allow":["GET"]}}],"collection":[{"href":"https:\/\/hyogge.fr\/index.php?rest_route=\/wp\/v2\/pages"}],"about":[{"href":"https:\/\/hyogge.fr\/index.php?rest_route=\/wp\/v2\/types\/page"}],"author":[{"embeddable":true,"href":"https:\/\/hyogge.fr\/index.php?rest_route=\/wp\/v2\/users\/1"}],"replies":[{"embeddable":true,"href":"https:\/\/hyogge.fr\/index.php?rest_route=%2Fwp%2Fv2%2Fcomments&post=37"}],"version-history":[{"count":15,"href":"https:\/\/hyogge.fr\/index.php?rest_route=\/wp\/v2\/pages\/37\/revisions"}],"predecessor-version":[{"id":296,"href":"https:\/\/hyogge.fr\/index.php?rest_route=\/wp\/v2\/pages\/37\/revisions\/296"}],"wp:attachment":[{"href":"https:\/\/hyogge.fr\/index.php?rest_route=%2Fwp%2Fv2%2Fmedia&parent=37"}],"curies":[{"name":"wp","href":"https:\/\/api.w.org\/{rel}","templated":true}]}}