{"id":367,"date":"2026-05-07T11:31:09","date_gmt":"2026-05-07T09:31:09","guid":{"rendered":"https:\/\/hyogge.fr\/?page_id=367"},"modified":"2026-05-07T13:42:41","modified_gmt":"2026-05-07T11:42:41","slug":"ateliers","status":"publish","type":"page","link":"https:\/\/hyogge.fr\/?page_id=367","title":{"rendered":"Ateliers"},"content":{"rendered":"\n<div class=\"wp-block-cover\" style=\"min-height:706px;aspect-ratio:unset;\"><img loading=\"lazy\" decoding=\"async\" width=\"1024\" height=\"683\" class=\"wp-block-cover__image-background wp-image-369 size-large\" alt=\"\" src=\"https:\/\/hyogge.fr\/wp-content\/uploads\/2026\/05\/pexels-ahn-nguy-n-89812588-9846975-1024x683.jpg\" data-object-fit=\"cover\" srcset=\"https:\/\/hyogge.fr\/wp-content\/uploads\/2026\/05\/pexels-ahn-nguy-n-89812588-9846975-1024x683.jpg 1024w, https:\/\/hyogge.fr\/wp-content\/uploads\/2026\/05\/pexels-ahn-nguy-n-89812588-9846975-300x200.jpg 300w, https:\/\/hyogge.fr\/wp-content\/uploads\/2026\/05\/pexels-ahn-nguy-n-89812588-9846975-768x512.jpg 768w, https:\/\/hyogge.fr\/wp-content\/uploads\/2026\/05\/pexels-ahn-nguy-n-89812588-9846975-1536x1024.jpg 1536w, https:\/\/hyogge.fr\/wp-content\/uploads\/2026\/05\/pexels-ahn-nguy-n-89812588-9846975-2048x1365.jpg 2048w\" sizes=\"auto, (max-width: 1024px) 100vw, 1024px\" \/><span aria-hidden=\"true\" class=\"wp-block-cover__background has-background-dim\" style=\"background-color:#62584c\"><\/span><div class=\"wp-block-cover__inner-container has-global-padding is-layout-constrained wp-block-cover-is-layout-constrained\">\n<p class=\"has-text-align-center has-custom-floral-white-color has-text-color has-link-color wp-elements-11fbf8c6a327c4284bdafb37f5113d46\" style=\"font-size:clamp(2.629rem, 2.629rem + ((1vw - 0.2rem) * 3.719), 5rem);\"><strong>Ateliers yoga<\/strong><\/p>\n<\/div><\/div>\n\n\n\n<div style=\"height:35px\" aria-hidden=\"true\" class=\"wp-block-spacer\"><\/div>\n\n\n\n<div class=\"wp-block-group has-global-padding is-layout-constrained wp-block-group-is-layout-constrained\">\n<div class=\"wp-block-columns alignwide is-layout-flex wp-container-core-columns-is-layout-28f84493 wp-block-columns-is-layout-flex\">\n<div class=\"wp-block-column is-layout-flow wp-block-column-is-layout-flow\" style=\"flex-basis:50%\">\n<div class=\"wp-block-group is-vertical is-layout-flex wp-container-core-group-is-layout-fe9cc265 wp-block-group-is-layout-flex\">\n<h2 class=\"wp-block-heading\">Samedi 6 juin 2026<\/h2>\n\n\n\n<h3 class=\"wp-block-heading\">de 10h30 \u00e0 12h00<\/h3>\n\n\n\n<p>Saint-Etienne (L&#8217;Atelier Cail)<\/p>\n\n\n\n<p>25\u20ac \/ duo (adulte-enfant) de la m\u00eame famille<\/p>\n\n\n\n<p>+ 5\u20ac \/ enfant suppl\u00e9mentaire<\/p>\n\n\n\n<div class=\"wp-block-buttons is-layout-flex wp-block-buttons-is-layout-flex\">\n<div class=\"wp-block-button\"><a class=\"wp-block-button__link wp-element-button\" href=\"https:\/\/www.momoyoga.com\/hyogge\/schedule?date=2026-06-01#lesson30228356\" target=\"_blank\" rel=\"noreferrer noopener\">On s&#8217;inscrit<\/a><\/div>\n<\/div>\n<\/div>\n<\/div>\n\n\n\n<div class=\"wp-block-column is-layout-flow wp-block-column-is-layout-flow\" style=\"flex-basis:100%\">\n<div class=\"wp-block-group is-vertical is-layout-flex wp-container-core-group-is-layout-fe9cc265 wp-block-group-is-layout-flex\">\n<h2 class=\"wp-block-heading\">\ud83c\udf08 Atelier Yoga Famille (5 ans et +)<\/h2>\n\n\n\n<p><em>Et si vous offriez \u00e0 votre enfant \/ petit-enfant \/ neveu \/ ni\u00e8ce \/ filleul \/ filleule \/ fr\u00e8re \/ s\u0153ur un moment de complicit\u00e9 rien qu&#8217;\u00e0 vous ?<\/em><\/p>\n\n\n\n<p>Cet atelier de yoga famille \u00e0 deux ou plus est une invitation \u00e0 se reconnecter ensemble par le mouvement et la respiration en s&#8217;amusant.<\/p>\n\n\n\n<p>A travers des postures en groupe, des jeux corporels et des explorations inspir\u00e9es de la nature \ud83c\udf3f, vous allez :<\/p>\n\n\n\n<ul class=\"wp-block-list\">\n<li>Cultiver la confiance entre vous<\/li>\n\n\n\n<li>Partager un moment joyeux et apaisant<\/li>\n\n\n\n<li>Cr\u00e9er un souvenir commun<\/li>\n<\/ul>\n<\/div>\n<\/div>\n<\/div>\n<\/div>\n\n\n\n<hr class=\"wp-block-separator has-alpha-channel-opacity is-style-dots\" style=\"margin-top:var(--wp--preset--spacing--60);margin-bottom:var(--wp--preset--spacing--60)\"\/>\n\n\n\n<div class=\"wp-block-group has-global-padding is-layout-constrained wp-block-group-is-layout-constrained\">\n<div class=\"wp-block-columns alignwide is-layout-flex wp-container-core-columns-is-layout-28f84493 wp-block-columns-is-layout-flex\">\n<div class=\"wp-block-column is-layout-flow wp-block-column-is-layout-flow\" style=\"flex-basis:50%\">\n<div class=\"wp-block-group is-vertical is-layout-flex wp-container-core-group-is-layout-fe9cc265 wp-block-group-is-layout-flex\">\n<h2 class=\"wp-block-heading\">Samedi 13 juin 2026<\/h2>\n\n\n\n<h3 class=\"wp-block-heading\">Les inscriptions ouvrent bient\u00f4t ! Plus d&#8217;infos \u00e0 venir &#8230;<\/h3>\n\n\n\n<p><\/p>\n<\/div>\n<\/div>\n\n\n\n<div class=\"wp-block-column is-layout-flow wp-block-column-is-layout-flow\" style=\"flex-basis:100%\">\n<div class=\"wp-block-group is-vertical is-layout-flex wp-container-core-group-is-layout-fe9cc265 wp-block-group-is-layout-flex\">\n<h2 class=\"wp-block-heading\">Atelier Yoga &amp; mobilit\u00e9 x <a href=\"https:\/\/www.instagram.com\/rundeschipies\/\" data-type=\"link\" data-id=\"https:\/\/www.instagram.com\/rundeschipies\/\" target=\"_blank\" rel=\"noreferrer noopener\">Run des Chipies<\/a> \ud83d\udc06 <\/h2>\n\n\n\n<p><em>D\u00e9couvrez le yoga, une pratique compl\u00e9mentaire \u00e0 la course \u00e0 pied. <\/em><\/p>\n<\/div>\n<\/div>\n<\/div>\n<\/div>\n","protected":false},"excerpt":{"rendered":"<p>Samedi 6 juin 2026 de 10h30 \u00e0 12h00 Saint-Etienne (L&#8217;Atelier Cail) 25\u20ac \/ duo (adulte-enfant) de la m\u00eame famille + 5\u20ac \/ enfant suppl\u00e9mentaire \ud83c\udf08 Atelier Yoga Famille (5 ans et +) Et si vous offriez \u00e0 votre enfant \/ petit-enfant \/ neveu \/ ni\u00e8ce \/ filleul \/ filleule \/ fr\u00e8re \/ s\u0153ur un moment [&hellip;]<\/p>\n","protected":false},"author":1,"featured_media":0,"parent":0,"menu_order":0,"comment_status":"closed","ping_status":"closed","template":"test","meta":{"footnotes":""},"class_list":["post-367","page","type-page","status-publish","hentry"],"_links":{"self":[{"href":"https:\/\/hyogge.fr\/index.php?rest_route=\/wp\/v2\/pages\/367","targetHints":{"allow":["GET"]}}],"collection":[{"href":"https:\/\/hyogge.fr\/index.php?rest_route=\/wp\/v2\/pages"}],"about":[{"href":"https:\/\/hyogge.fr\/index.php?rest_route=\/wp\/v2\/types\/page"}],"author":[{"embeddable":true,"href":"https:\/\/hyogge.fr\/index.php?rest_route=\/wp\/v2\/users\/1"}],"replies":[{"embeddable":true,"href":"https:\/\/hyogge.fr\/index.php?rest_route=%2Fwp%2Fv2%2Fcomments&post=367"}],"version-history":[{"count":10,"href":"https:\/\/hyogge.fr\/index.php?rest_route=\/wp\/v2\/pages\/367\/revisions"}],"predecessor-version":[{"id":382,"href":"https:\/\/hyogge.fr\/index.php?rest_route=\/wp\/v2\/pages\/367\/revisions\/382"}],"wp:attachment":[{"href":"https:\/\/hyogge.fr\/index.php?rest_route=%2Fwp%2Fv2%2Fmedia&parent=367"}],"curies":[{"name":"wp","href":"https:\/\/api.w.org\/{rel}","templated":true}]}}