{"id":319,"date":"2026-04-22T16:01:03","date_gmt":"2026-04-22T14:01:03","guid":{"rendered":"https:\/\/hyogge.fr\/?page_id=319"},"modified":"2026-04-25T09:49:43","modified_gmt":"2026-04-25T07:49:43","slug":"planning-inscription","status":"publish","type":"page","link":"https:\/\/hyogge.fr\/?page_id=319","title":{"rendered":"Planning &#038; inscription"},"content":{"rendered":"\n<div class=\"wp-block-group has-global-padding is-layout-constrained wp-block-group-is-layout-constrained\">\n<hr class=\"wp-block-separator alignwide has-alpha-channel-opacity\"\/>\n\n\n\n<div class=\"wp-block-columns is-layout-flex wp-container-core-columns-is-layout-28f84493 wp-block-columns-is-layout-flex\">\n<div class=\"wp-block-column is-layout-flow wp-block-column-is-layout-flow\">\n<div class=\"wp-block-group alignwide is-vertical is-content-justification-center is-layout-flex wp-container-core-group-is-layout-ce155fab wp-block-group-is-layout-flex\">\n<h3 class=\"wp-block-heading has-text-align-left\">Cours dans la Loire <\/h3>\n\n\n\n<p class=\"has-text-align-left has-custom-olive-bark-color has-custom-petal-frost-background-color has-text-color has-background has-link-color has-small-font-size wp-elements-7e2517b3aef058277a2d7bc243386e83\">Pour profiter pleinement de votre s\u00e9ance, pensez \u00e0 <strong>apporter votre tapis<\/strong>. \u2600\ufe0f Id\u00e9alement, <strong>arrivez en tenue<\/strong>, il n\u2019y a pas de vestiaire, mais des sanitaires sont \u00e0 disposition. Pour votre confort lors de la relaxation de fin de s\u00e9ance, <strong>pr\u00e9parez un pull ou un plaid<\/strong>.<\/p>\n<\/div>\n<\/div>\n\n\n\n<div class=\"wp-block-column is-layout-flow wp-block-column-is-layout-flow\">\n<div class=\"wp-block-group alignwide is-vertical is-content-justification-center is-layout-flex wp-container-core-group-is-layout-ce155fab wp-block-group-is-layout-flex\">\n<h3 class=\"wp-block-heading\">Cours en ligne <\/h3>\n\n\n\n<p class=\"has-custom-olive-bark-color has-custom-petal-frost-background-color has-text-color has-background has-link-color has-small-font-size wp-elements-79006018bc42d796388a4b32b036afb2\">Vous pouvez \u00e9galement <strong>pr\u00e9parer votre tapis et une tenue confortable et chaude<\/strong>. \ud83e\uddd8\u200d\u2640\ufe0f<\/p>\n<\/div>\n<\/div>\n<\/div>\n\n\n\n<div style=\"height:12px\" aria-hidden=\"true\" class=\"wp-block-spacer\"><\/div>\n\n\n\n<figure data-wp-context=\"{&quot;imageId&quot;:&quot;69efec83222e8&quot;}\" data-wp-interactive=\"core\/image\" data-wp-key=\"69efec83222e8\" class=\"wp-block-image aligncenter size-large is-resized wp-lightbox-container\"><img loading=\"lazy\" decoding=\"async\" width=\"724\" height=\"1024\" data-wp-class--hide=\"state.isContentHidden\" data-wp-class--show=\"state.isContentVisible\" data-wp-init=\"callbacks.setButtonStyles\" data-wp-on--click=\"actions.showLightbox\" data-wp-on--load=\"callbacks.setButtonStyles\" data-wp-on-window--resize=\"callbacks.setButtonStyles\" src=\"https:\/\/hyogge.fr\/wp-content\/uploads\/2026\/04\/face-planning-724x1024.png\" alt=\"\" class=\"wp-image-360\" style=\"aspect-ratio:0.7070301113090978;width:224px;height:auto\" srcset=\"https:\/\/hyogge.fr\/wp-content\/uploads\/2026\/04\/face-planning-724x1024.png 724w, https:\/\/hyogge.fr\/wp-content\/uploads\/2026\/04\/face-planning-212x300.png 212w, https:\/\/hyogge.fr\/wp-content\/uploads\/2026\/04\/face-planning-768x1086.png 768w, https:\/\/hyogge.fr\/wp-content\/uploads\/2026\/04\/face-planning-1086x1536.png 1086w, https:\/\/hyogge.fr\/wp-content\/uploads\/2026\/04\/face-planning.png 1414w\" sizes=\"auto, (max-width: 724px) 100vw, 724px\" \/><button\n\t\t\tclass=\"lightbox-trigger\"\n\t\t\ttype=\"button\"\n\t\t\taria-haspopup=\"dialog\"\n\t\t\taria-label=\"Enlarge\"\n\t\t\tdata-wp-init=\"callbacks.initTriggerButton\"\n\t\t\tdata-wp-on--click=\"actions.showLightbox\"\n\t\t\tdata-wp-style--right=\"state.imageButtonRight\"\n\t\t\tdata-wp-style--top=\"state.imageButtonTop\"\n\t\t>\n\t\t\t<svg xmlns=\"http:\/\/www.w3.org\/2000\/svg\" width=\"12\" height=\"12\" fill=\"none\" viewBox=\"0 0 12 12\">\n\t\t\t\t<path fill=\"#fff\" d=\"M2 0a2 2 0 0 0-2 2v2h1.5V2a.5.5 0 0 1 .5-.5h2V0H2Zm2 10.5H2a.5.5 0 0 1-.5-.5V8H0v2a2 2 0 0 0 2 2h2v-1.5ZM8 12v-1.5h2a.5.5 0 0 0 .5-.5V8H12v2a2 2 0 0 1-2 2H8Zm2-12a2 2 0 0 1 2 2v2h-1.5V2a.5.5 0 0 0-.5-.5H8V0h2Z\" \/>\n\t\t\t<\/svg>\n\t\t<\/button><\/figure>\n\n\n\n<p class=\"has-text-align-center\">\ud83d\udc46Cliquez sur l&#8217;image pour afficher le planning en grand<\/p>\n\n\n\n<p class=\"has-text-align-center has-large-font-size\">Vous pouvez vous inscrire directement depuis cette page reli\u00e9e \u00e0 mon studio sur la plateforme Momoyoga (ci-dessous) ou bien via Momoyoga :<\/p>\n\n\n\n<div class=\"wp-block-buttons is-content-justification-center is-layout-flex wp-container-core-buttons-is-layout-a89b3969 wp-block-buttons-is-layout-flex\">\n<div class=\"wp-block-button\"><a class=\"wp-block-button__link wp-element-button\" href=\"https:\/\/www.momoyoga.com\/hyogge\" target=\"_blank\" rel=\"noreferrer noopener\">Je m&#8217;inscris via Momoyoga<\/a><\/div>\n<\/div>\n\n\n\n<div style=\"height:24px\" aria-hidden=\"true\" class=\"wp-block-spacer\"><\/div>\n\n\n\n<div data-momo-show-teacher-filter=\"true\" data-momo-show-teacher=\"true\" data-momo-view-type=\"Weekly\" data-momo-show-schedule-images=\"true\" data-momo-apply-colors=\"true\" data-momo-show-end-time=\"true\" data-momo-week-relative=\"1\" data-momo-primary-color=\"#756417\" data-momo-locale=\"fr\" class=\"wp-block-momoyoga-integration-schedule\" data-momo-schedule=\"https:\/\/www.momoyoga.com\/hyogge\"><\/div>\n<\/div>\n","protected":false},"excerpt":{"rendered":"<p>Cours dans la Loire Pour profiter pleinement de votre s\u00e9ance, pensez \u00e0 apporter votre tapis. \u2600\ufe0f Id\u00e9alement, arrivez en tenue, il n\u2019y a pas de vestiaire, mais des sanitaires sont \u00e0 disposition. Pour votre confort lors de la relaxation de fin de s\u00e9ance, pr\u00e9parez un pull ou un plaid. Cours en ligne Vous pouvez \u00e9galement [&hellip;]<\/p>\n","protected":false},"author":1,"featured_media":0,"parent":0,"menu_order":0,"comment_status":"closed","ping_status":"closed","template":"test","meta":{"footnotes":""},"class_list":["post-319","page","type-page","status-publish","hentry"],"_links":{"self":[{"href":"https:\/\/hyogge.fr\/index.php?rest_route=\/wp\/v2\/pages\/319","targetHints":{"allow":["GET"]}}],"collection":[{"href":"https:\/\/hyogge.fr\/index.php?rest_route=\/wp\/v2\/pages"}],"about":[{"href":"https:\/\/hyogge.fr\/index.php?rest_route=\/wp\/v2\/types\/page"}],"author":[{"embeddable":true,"href":"https:\/\/hyogge.fr\/index.php?rest_route=\/wp\/v2\/users\/1"}],"replies":[{"embeddable":true,"href":"https:\/\/hyogge.fr\/index.php?rest_route=%2Fwp%2Fv2%2Fcomments&post=319"}],"version-history":[{"count":16,"href":"https:\/\/hyogge.fr\/index.php?rest_route=\/wp\/v2\/pages\/319\/revisions"}],"predecessor-version":[{"id":361,"href":"https:\/\/hyogge.fr\/index.php?rest_route=\/wp\/v2\/pages\/319\/revisions\/361"}],"wp:attachment":[{"href":"https:\/\/hyogge.fr\/index.php?rest_route=%2Fwp%2Fv2%2Fmedia&parent=319"}],"curies":[{"name":"wp","href":"https:\/\/api.w.org\/{rel}","templated":true}]}}