{"id":3,"date":"2026-03-18T11:45:28","date_gmt":"2026-03-18T10:45:28","guid":{"rendered":"http:\/\/hyogge.fr\/?page_id=3"},"modified":"2026-03-19T14:32:36","modified_gmt":"2026-03-19T13:32:36","slug":"privacy-policy","status":"publish","type":"page","link":"https:\/\/hyogge.fr\/?page_id=3","title":{"rendered":"Mentions l\u00e9gales et Politique de confidentialit\u00e9"},"content":{"rendered":"\n<div class=\"wp-block-group has-global-padding is-layout-constrained wp-block-group-is-layout-constrained\">\n<div class=\"wp-block-group alignwide is-vertical is-layout-flex wp-container-core-group-is-layout-fe9cc265 wp-block-group-is-layout-flex\">\n<h1 class=\"wp-block-heading\">Mentions l\u00e9gales et Politique de confidentialit\u00e9<\/h1>\n\n\n\n<h2 class=\"wp-block-heading is-style-text-subtitle is-style-text-subtitle--1\">Pr\u00e9sentation du site internet<\/h2>\n\n\n\n<p class=\"has-large-font-size\">Le site www.hyogge.fr est \u00e9dit\u00e9 par Morgane Courant EI, microentreprise immatricul\u00e9e au num\u00e9ro 10197882300017 et repr\u00e9sent\u00e9e par Morgane Courant exer\u00e7ant en tant que professeure de yoga sous la marque Hyogge d\u00e9pos\u00e9e \u00e0 l\u2019INPI, dont le si\u00e8ge social est situ\u00e9 au 83 A rue des Alli\u00e9s, 42100 Saint-Etienne, ci-apr\u00e8s \u00ab Hyogge \u00bb.<\/p>\n\n\n\n<p class=\"has-large-font-size\">En vertu de l\u2019article 6 de la loi n\u00b0 2004-575 du 21 juin 2004 pour la confiance dans l\u2019\u00e9conomie num\u00e9rique, il est pr\u00e9cis\u00e9 aux utilisateurs du pr\u00e9sent site internet de Hyogge l\u2019identit\u00e9 des diff\u00e9rents intervenants dans le cadre de sa r\u00e9alisation et de son suivi.<\/p>\n\n\n\n<p class=\"has-large-font-size\">Responsable de publication : Madame Morgane Courant \u2013 morgane@hyogge.fr<\/p>\n\n\n\n<p class=\"has-large-font-size\">Webmaster : morgane@hyogge.fr<\/p>\n\n\n\n<p class=\"has-large-font-size\">H\u00e9bergeur : OVH SAS, 2 rue Kellermann 59100 Roubaix FRANCE \u2013 424 761 419 00045.<\/p>\n\n\n\n<p class=\"has-large-font-size\">D\u00e9l\u00e9gu\u00e9 \u00e0 la protection des donn\u00e9es : Madame Morgane Courant \u2013 morgane@hyogge.fr<\/p>\n\n\n\n<p class=\"has-large-font-size\">Cr\u00e9dit photos (photos individuelles) : Madame Morgane Courant<\/p>\n\n\n\n<h2 class=\"wp-block-heading\">1. Conditions g\u00e9n\u00e9rales d\u2019utilisation du site et des services propos\u00e9s<\/h2>\n\n\n\n<p class=\"has-large-font-size\">Est consid\u00e9r\u00e9 comme Utilisateur tout internaute qui utilise, lie, acc\u00e8de et visite le Site. Ci-apr\u00e8s d\u00e9nomm\u00e9 \u00ab l\u2019Utilisateur \u00bb.<br>L\u2019utilisation du site https:\/\/www.hyogge.fr\/ implique l\u2019acceptation pleine et enti\u00e8re des conditions g\u00e9n\u00e9rales d\u2019utilisation ci-apr\u00e8s d\u00e9crites. Ces conditions d\u2019utilisation sont susceptibles d\u2019\u00eatre modifi\u00e9es ou compl\u00e9t\u00e9es \u00e0 tout moment, les utilisateurs du site https:\/\/www.hyogge.fr\/ sont donc invit\u00e9s \u00e0 les consulter de mani\u00e8re r\u00e9guli\u00e8re.<\/p>\n\n\n\n<h2 class=\"wp-block-heading\">2. Gestion et accessibilit\u00e9 du site<\/h2>\n\n\n\n<p class=\"has-large-font-size\">Le Site est normalement accessible \u00e0 tout Utilisateur. Une interruption programm\u00e9e ou non de la part de Hyogge pour raison de maintenance peut toutefois survenir.<\/p>\n\n\n\n<p class=\"has-large-font-size\">En cas d\u2019intervention pr\u00e9vue, Hyogge s\u2019efforcera de communiquer pr\u00e9alablement \u00e0 l\u2019Utilisateur les dates et heures d\u2019intervention pour ne pas lui occasionner de g\u00eane.<\/p>\n\n\n\n<p class=\"has-large-font-size\">En cas d\u2019impossibilit\u00e9 d\u2019acc\u00e8s au Site, et ce, de mani\u00e8re impr\u00e9vue, Hyogge s\u2019engage \u00e0 faire son maximum pour en r\u00e9tablir l\u2019acc\u00e8s.<\/p>\n\n\n\n<p class=\"has-large-font-size\">Le Site, Hyogge ou l\u2019H\u00e9bergeur ne sauraient \u00eatre tenus responsables de tout dommage, quelle qu\u2019en soit la nature, r\u00e9sultant de son indisponibilit\u00e9. Le Site est mis \u00e0 jour r\u00e9guli\u00e8rement par le Responsable Publication. Les mentions l\u00e9gales et les C.G.U. peuvent donc \u00eatre modifi\u00e9es \u00e0 tout moment. N\u00e9anmoins, elles s\u2019imposent \u00e0 l\u2019Utilisateur qui est invit\u00e9 \u00e0 s\u2019y r\u00e9f\u00e9rer le plus souvent possible afin d\u2019en prendre connaissance.<\/p>\n\n\n\n<h2 class=\"wp-block-heading\">3. Donn\u00e9es personnelles<\/h2>\n\n\n\n<p class=\"has-large-font-size\">Les informations personnelles communiqu\u00e9es et enregistr\u00e9es par l\u2019Utilisateur via les formulaires pr\u00e9sents sur le Site sont n\u00e9cessaires pour r\u00e9pondre \u00e0 la demande de l\u2019Utilisateur et lui permettre d\u2019acc\u00e9der aux fonctionnalit\u00e9s du Site et les services associ\u00e9s. Elles sont destin\u00e9es \u00e0 Hyogge, en tant que responsable du traitement et de la gestion des donn\u00e9es personnelles, \u00e0 des fins administratives et commerciales.<\/p>\n\n\n\n<p class=\"has-large-font-size\">Les donn\u00e9es pouvant \u00eatre collect\u00e9es sur l\u2019Utilisateur sont les suivantes (selon les champs renseign\u00e9s) :<\/p>\n\n\n\n<ul class=\"wp-block-list has-large-font-size\">\n<li>Nom, pr\u00e9nom et coordonn\u00e9es<\/li>\n\n\n\n<li>Historique des contacts avec Hyogge<\/li>\n\n\n\n<li>Informations de paiement (factures)<\/li>\n\n\n\n<li>Informations de navigation (cookies)<\/li>\n<\/ul>\n\n\n\n<p class=\"has-large-font-size\">Hyogge partage les donn\u00e9es avec certaines parties tierces qui lui fournissent des services sur sa demande et dans le but de l\u2019aider dans son activit\u00e9 commerciale.<br>Ces soci\u00e9t\u00e9s ne sont autoris\u00e9es \u00e0 utiliser les donn\u00e9es que pour et dans le cadre du service que Hyogge leur commandite.<\/p>\n\n\n\n<p class=\"has-large-font-size\">Pour pr\u00e9cision, \u201cutilisation\u201d d\u00e9signe le fait de collecter les donn\u00e9es que Hyogge leurs transmet et que ces parties tierces se contentent de lui repr\u00e9senter dans le cadre du service command\u00e9. Ces parties tierces sont conformes \u00e0 la norme europ\u00e9enne du R\u00e8glement G\u00e9n\u00e9ral sur la Protection des Donn\u00e9es.<\/p>\n\n\n\n<ul class=\"wp-block-list has-large-font-size\">\n<li>Momoyoga (solution de r\u00e9servation et de gestion de planning) : https:\/\/www.momoyoga.com\/hyogge<\/li>\n\n\n\n<li>Indy (solution de facturation \u00e9lectronique et logiciel comptable)<\/li>\n\n\n\n<li>Stripe (solution de gestion de paiements<\/li>\n\n\n\n<li>Au partenaires de Hyogge tels que les \u00e9tablissements dans lesquels les prestations auront lieux<\/li>\n<\/ul>\n\n\n\n<p class=\"has-large-font-size\">L\u2019Utilisateur dispose d\u2019un droit d\u2019opposition au traitement de ses donn\u00e9es pour des motifs l\u00e9gitimes ainsi qu\u2019un droit d\u2019opposition \u00e0 ce que ces donn\u00e9es soient utilis\u00e9es \u00e0 des fins de prospection commerciale.<\/p>\n\n\n\n<p class=\"has-large-font-size\">L\u2019utilisateur dispose \u00e9galement d\u2019un droit d\u2019acc\u00e8s, de rectification ou de suppression des donn\u00e9es le concernant.<\/p>\n\n\n\n<p class=\"has-large-font-size\">L\u2019Utilisateur peut \u00e0 tout moment demander \u00e0 exercer ses droits :<\/p>\n\n\n\n<p class=\"has-large-font-size\">\u2013 soit en envoyant un email \u00e0 l\u2019adresse morgane@hyogge.fr<\/p>\n\n\n\n<p class=\"has-large-font-size\">\u2013 soit en adressant un courrier \u00e0 l\u2019adresse suivante : Morgane Courant EI \u2013 83A rue des Alli\u00e9s 42100 Saint-Etienne<\/p>\n\n\n\n<p class=\"has-large-font-size\">Pour exercer ce droit, l\u2019Utilisateur peut adresser un courrier \u00e9lectronique par mail \u00e0 l\u2019adresse suivante: morgane@hyogge.fr en pr\u00e9cisant dans l\u2019objet \u00ab Droit des personnes \u00bb en joignant la copie de son justificatif d\u2019identit\u00e9 en cours de validit\u00e9 sign\u00e9 et en mentionnant l\u2019adresse \u00e0 laquelle Hyogge pourra le contacter.<\/p>\n\n\n\n<h2 class=\"wp-block-heading\">4. Cookies<\/h2>\n\n\n\n<p class=\"has-large-font-size\">Le cookie est un bloc de donn\u00e9es qui ne permet pas d\u2019identifier le dit Utilisateur mais permet d\u2019enregistrer des informations relatives \u00e0 sa navigation sur le Site. Il ne contient pas de donn\u00e9es personnelles. La dur\u00e9e maximale de conservation des Cookies est de 13 mois \u00e0 compter de l\u2019acceptation de l\u2019Utilisateur de l\u2019installation de ceux-ci.<\/p>\n\n\n\n<p class=\"has-large-font-size\">Le Site a recours aux techniques de Cookies lui permettant de traiter des statistiques et des informations sur le trafic, de faciliter la navigation et d\u2019am\u00e9liorer le service pour le confort de l\u2019Utilisateur.<\/p>\n\n\n\n<p class=\"has-large-font-size\">Conform\u00e9ment \u00e0 la l\u00e9gislation europ\u00e9enne, le param\u00e9trage du logiciel de navigation permet d\u2019informer l\u2019Utilisateur que lors de ses visites sur le site, un cookie peut s\u2019installer automatiquement sur son logiciel de navigation.<\/p>\n\n\n\n<h2 class=\"wp-block-heading\">5. Dur\u00e9e de conservation des donn\u00e9es<\/h2>\n\n\n\n<p class=\"has-large-font-size\">L\u2019utilisation des traceurs est r\u00e9gie par l\u2019article 32 II de la loi n\u00b0 78-17 du 6 janvier 1978, transposant l\u2019article 5.3 de la directive 2002\/58\/CE du parlement europ\u00e9en et du conseil du 12 juillet 2002 modifi\u00e9e par la directive 2009\/136\/CE.<br>Pour en savoir plus sur les cookies et traceurs, nous vous invitons \u00e0 consulter le site de la CNIL : www.cnil.fr.<\/p>\n\n\n\n<h2 class=\"wp-block-heading\">6. Contenu embarqu\u00e9 depuis d\u2019autres sites<\/h2>\n\n\n\n<p class=\"has-large-font-size\">Les articles &amp; pages du pr\u00e9sent site internet de Hyogge peuvent inclure des contenus int\u00e9gr\u00e9s (liens URLS, vid\u00e9os, images, articles\u2026). Le contenu int\u00e9gr\u00e9 depuis d\u2019autres sites se comporte de la m\u00eame mani\u00e8re que si l\u2019Utilisateur se rendait sur cet autre site.<\/p>\n\n\n\n<p class=\"has-large-font-size\">Ces sites web pourraient collecter des donn\u00e9es sur l\u2019Utilisateur, utiliser des cookies, embarquer des outils de suivis tiers, suivre ses interactions avec ces contenus embarqu\u00e9s si l\u2019Utilisateur dispose d\u2019un compte connect\u00e9 sur leur site web.<\/p>\n\n\n\n<p class=\"has-large-font-size\">Hyogge ne contr\u00f4le pas les sites en connexion avec le sien, et ne saurait donc \u00eatre responsable de leur contenu. Les risques li\u00e9s \u00e0 l\u2019utilisation de ces sites incombent pleinement \u00e0 l\u2019Utilisateur. Il se conformera \u00e0 leurs conditions d\u2019utilisations.<\/p>\n\n\n\n<h2 class=\"wp-block-heading\">7. Commentaires<\/h2>\n\n\n\n<p class=\"has-large-font-size\">Les commentaires inscrits sur le site web de Hyogge sont mod\u00e9r\u00e9s (validation manuelle). Hyogge se r\u00e9serve le droit de supprimer tout commentaire qui enfreindrait les lois fran\u00e7aises ou qui sera jug\u00e9 inappropri\u00e9.<\/p>\n\n\n\n<h2 class=\"wp-block-heading\">8. Droits d\u2019auteur &amp; Copyright<\/h2>\n\n\n\n<p class=\"has-large-font-size\">Le Site est une \u0153uvre prot\u00e9g\u00e9e et reste la propri\u00e9t\u00e9 exclusive de Hyogge lequel a cr\u00e9\u00e9 et mis en ligne les pages web, les images et sources scripts, les donn\u00e9es de base le composant. Sauf mention contraire, Hyogge est donc titulaire des droits d\u2019auteur sur chacune des pages composant le Site, sur son arborescence ainsi que sur chacun des \u00e9l\u00e9ments les composants : marques, logotypes, illustrations, dessins, mod\u00e8les, photographies, images et plus g\u00e9n\u00e9ralement tout autres \u00e9l\u00e9ments pr\u00e9sents sur le Site, qu\u2019ils soient d\u00e9pos\u00e9s ou non.<\/p>\n\n\n\n<p class=\"has-large-font-size\">Toute reproduction, repr\u00e9sentation, modification, publication, adaptation de tout ou partie des \u00e9l\u00e9ments du Site, quel que soit le moyen ou le proc\u00e9d\u00e9 utilis\u00e9, est interdite, sauf autorisation \u00e9crite pr\u00e9alable de Hyogge.<\/p>\n\n\n\n<p class=\"has-large-font-size\">Toute exploitation non autoris\u00e9e du Site ou de l\u2019un des \u00e9l\u00e9ments qu\u2019il contient sera consid\u00e9r\u00e9 comme constitutive d\u2019une contrefa\u00e7on et poursuivie conform\u00e9ment aux dispositions des articles L. 335-2 et suivants du Code de Propri\u00e9t\u00e9 Intellectuelle.<\/p>\n\n\n\n<p class=\"has-large-font-size\">Le client, ou son repr\u00e9sentant l\u00e9gal, d\u00e9clare \u00eatre inform\u00e9(e) que Hyogge est amen\u00e9 \u00e0 prendre des photos et \u00e0 r\u00e9aliser des vid\u00e9os afin de les publier sur le Site ou sur les r\u00e9seaux sociaux ou de r\u00e9aliser des plaquettes de communication. Il a toutefois le droit de s\u2019opposer \u00e0 la prise de vues en le signalant avant les s\u00e9ances de r\u00e9alisation.<\/p>\n\n\n\n<p class=\"has-large-font-size\">Le site internet de Hyogge peut \u00eatre amen\u00e9 \u00e0 utiliser des banques d\u2019images et de logo gratuites sur ce site. Les cr\u00e9dits des photos du site : pexels.com, unsplash.com.<br>Le th\u00e8me utilis\u00e9 sur le site internet de Hyogge est : Twenty Twenty-Five.<\/p>\n\n\n\n<h2 class=\"wp-block-heading\">9. Informations de contact<\/h2>\n\n\n\n<p class=\"has-large-font-size\">Pour tout contact au sujet de ces r\u00e8gles d\u2019usages digitaux ou \u00e0 propos du site web dans sa g\u00e9n\u00e9ralit\u00e9, merci d\u2019\u00e9crire \u00e0 Hyogge \u00e0 l\u2019adresse : <a href=\"mailto:morgane@hyogge.fr\">morgane@hyogge.fr<\/a>.<\/p>\n<\/div>\n<\/div>\n","protected":false},"excerpt":{"rendered":"<p>Mentions l\u00e9gales et Politique de confidentialit\u00e9 Pr\u00e9sentation du site internet Le site www.hyogge.fr est \u00e9dit\u00e9 par Morgane Courant EI, microentreprise immatricul\u00e9e au num\u00e9ro 10197882300017 et repr\u00e9sent\u00e9e par Morgane Courant exer\u00e7ant en tant que professeure de yoga sous la marque Hyogge d\u00e9pos\u00e9e \u00e0 l\u2019INPI, dont le si\u00e8ge social est situ\u00e9 au 83 A rue des Alli\u00e9s, [&hellip;]<\/p>\n","protected":false},"author":1,"featured_media":0,"parent":0,"menu_order":0,"comment_status":"closed","ping_status":"closed","template":"test","meta":{"footnotes":""},"class_list":["post-3","page","type-page","status-publish","hentry"],"_links":{"self":[{"href":"https:\/\/hyogge.fr\/index.php?rest_route=\/wp\/v2\/pages\/3","targetHints":{"allow":["GET"]}}],"collection":[{"href":"https:\/\/hyogge.fr\/index.php?rest_route=\/wp\/v2\/pages"}],"about":[{"href":"https:\/\/hyogge.fr\/index.php?rest_route=\/wp\/v2\/types\/page"}],"author":[{"embeddable":true,"href":"https:\/\/hyogge.fr\/index.php?rest_route=\/wp\/v2\/users\/1"}],"replies":[{"embeddable":true,"href":"https:\/\/hyogge.fr\/index.php?rest_route=%2Fwp%2Fv2%2Fcomments&post=3"}],"version-history":[{"count":5,"href":"https:\/\/hyogge.fr\/index.php?rest_route=\/wp\/v2\/pages\/3\/revisions"}],"predecessor-version":[{"id":275,"href":"https:\/\/hyogge.fr\/index.php?rest_route=\/wp\/v2\/pages\/3\/revisions\/275"}],"wp:attachment":[{"href":"https:\/\/hyogge.fr\/index.php?rest_route=%2Fwp%2Fv2%2Fmedia&parent=3"}],"curies":[{"name":"wp","href":"https:\/\/api.w.org\/{rel}","templated":true}]}}