{"id":19,"date":"2026-03-18T11:45:28","date_gmt":"2026-03-18T10:45:28","guid":{"rendered":"http:\/\/hyogge.fr\/?page_id=19"},"modified":"2026-03-20T11:19:07","modified_gmt":"2026-03-20T10:19:07","slug":"about","status":"publish","type":"page","link":"https:\/\/hyogge.fr\/","title":{"rendered":"Acceuil"},"content":{"rendered":"\n<div class=\"wp-block-cover is-light has-x-large-font-size\" style=\"min-height:740px;aspect-ratio:unset;\"><img loading=\"lazy\" decoding=\"async\" width=\"1024\" height=\"683\" class=\"wp-block-cover__image-background wp-image-145 size-large\" alt=\"\" src=\"https:\/\/hyogge.fr\/wp-content\/uploads\/2026\/03\/pexels-yankrukov-8436715-1024x683.jpg\" style=\"object-position:50% 30%\" data-object-fit=\"cover\" data-object-position=\"50% 30%\" srcset=\"https:\/\/hyogge.fr\/wp-content\/uploads\/2026\/03\/pexels-yankrukov-8436715-1024x683.jpg 1024w, https:\/\/hyogge.fr\/wp-content\/uploads\/2026\/03\/pexels-yankrukov-8436715-300x200.jpg 300w, https:\/\/hyogge.fr\/wp-content\/uploads\/2026\/03\/pexels-yankrukov-8436715-768x512.jpg 768w, https:\/\/hyogge.fr\/wp-content\/uploads\/2026\/03\/pexels-yankrukov-8436715-1536x1024.jpg 1536w, https:\/\/hyogge.fr\/wp-content\/uploads\/2026\/03\/pexels-yankrukov-8436715-2048x1365.jpg 2048w\" sizes=\"auto, (max-width: 1024px) 100vw, 1024px\" \/><span aria-hidden=\"true\" class=\"wp-block-cover__background has-background-dim\" style=\"background-color:#a8a49e\"><\/span><div class=\"wp-block-cover__inner-container has-global-padding is-layout-constrained wp-block-cover-is-layout-constrained\">\n<p class=\"has-text-align-center has-large-font-size\"><\/p>\n<\/div><\/div>\n\n\n\n<div style=\"height:59px\" aria-hidden=\"true\" class=\"wp-block-spacer\"><\/div>\n\n\n\n<div class=\"wp-block-group has-global-padding is-layout-constrained wp-block-group-is-layout-constrained\">\n<div class=\"wp-block-group alignwide is-vertical is-content-justification-center is-layout-flex wp-container-core-group-is-layout-ce155fab wp-block-group-is-layout-flex\">\n<p class=\"has-text-align-center\">Besoin de (re)trouver votre rythme et de soutenir votre \u00e9nergie au quotidien ? <\/p>\n\n\n\n<p class=\"has-text-align-center\">Le yoga peut vous aider \u00e0 cultiver votre bulle de bien-\u00eatre au quotidien pour vous et votre famille. Prenez soin de vous <em>physiquement<\/em>, <em>\u00e9motionnellement<\/em>, <em>mentalement<\/em>.<\/p>\n\n\n\n<p class=\"has-text-align-center\">Vitalisez-vous et cocoonez-vous toute l&#8217;ann\u00e9e avec mes diff\u00e9rents cours de yoga et mes partages sur instagram.<\/p>\n\n\n\n<div style=\"height:17px\" aria-hidden=\"true\" class=\"wp-block-spacer wp-container-content-fd0eeb70\"><\/div>\n\n\n\n<div class=\"wp-block-buttons is-layout-flex wp-block-buttons-is-layout-flex\">\n<div class=\"wp-block-button is-style-fill\"><a class=\"wp-block-button__link has-custom-linen-color has-text-color has-link-color wp-element-button\" href=\"https:\/\/www.momoyoga.com\/hyogge\/schedule\" style=\"border-style:none;border-width:0px;border-top-left-radius:100px;border-top-right-radius:100px;border-bottom-left-radius:100px;border-bottom-right-radius:100px\" target=\"_blank\" rel=\"noreferrer noopener\"><strong>M&#8217;inscrire \u00e0 un cours<\/strong><\/a><\/div>\n<\/div>\n<\/div>\n<\/div>\n\n\n\n<div style=\"height:78px\" aria-hidden=\"true\" class=\"wp-block-spacer\"><\/div>\n\n\n\n<div class=\"wp-block-media-text is-stacked-on-mobile has-custom-olive-bark-background-color has-background\" style=\"border-style:none;border-width:0px;margin-top:0;margin-right:0;margin-bottom:0;margin-left:0;padding-top:var(--wp--preset--spacing--60);padding-right:var(--wp--preset--spacing--60);padding-bottom:var(--wp--preset--spacing--60);padding-left:var(--wp--preset--spacing--60);grid-template-columns:40% auto\"><figure class=\"wp-block-media-text__media\"><img loading=\"lazy\" decoding=\"async\" width=\"861\" height=\"1024\" src=\"https:\/\/hyogge.fr\/wp-content\/uploads\/2026\/03\/PXL_20260308_160839548.PORTRAIT-Copie-861x1024.jpg\" alt=\"\" class=\"wp-image-222 size-full\" srcset=\"https:\/\/hyogge.fr\/wp-content\/uploads\/2026\/03\/PXL_20260308_160839548.PORTRAIT-Copie-861x1024.jpg 861w, https:\/\/hyogge.fr\/wp-content\/uploads\/2026\/03\/PXL_20260308_160839548.PORTRAIT-Copie-252x300.jpg 252w, https:\/\/hyogge.fr\/wp-content\/uploads\/2026\/03\/PXL_20260308_160839548.PORTRAIT-Copie-768x913.jpg 768w, https:\/\/hyogge.fr\/wp-content\/uploads\/2026\/03\/PXL_20260308_160839548.PORTRAIT-Copie-1292x1536.jpg 1292w, https:\/\/hyogge.fr\/wp-content\/uploads\/2026\/03\/PXL_20260308_160839548.PORTRAIT-Copie.jpg 1588w\" sizes=\"auto, (max-width: 861px) 100vw, 861px\" \/><\/figure><div class=\"wp-block-media-text__content\">\n<h1 class=\"wp-block-heading has-text-align-left has-custom-petal-frost-color has-custom-olive-bark-background-color has-text-color has-background has-link-color wp-elements-baa0043d0d4aee58b5be6dac1dd5d351\" style=\"margin-top:0;margin-right:0;margin-bottom:0;margin-left:0;padding-top:var(--wp--preset--spacing--30);padding-right:var(--wp--preset--spacing--30);padding-bottom:var(--wp--preset--spacing--30);padding-left:var(--wp--preset--spacing--30);font-size:clamp(42.068px, 2.629rem + ((1vw - 3.2px) * 3.719), 80px);\">Cours<\/h1>\n\n\n\n<p class=\"has-custom-floral-white-color has-text-color has-link-color wp-elements-45c9a9c05fdfb00a78bf4979e728360d\">Mes cours de yoga int\u00e9gral et mobilit\u00e9 sont <strong>accessibles \u00e0 tous<\/strong> !<\/p>\n\n\n\n<p class=\"has-custom-floral-white-color has-text-color has-link-color wp-elements-0522e8ca8c8f04d32d448a54fe7d9666\">Je propose aussi des cours de yoga pr\u00e9natal et postnatal, des cours de yoga p\u00e9rin\u00e9e et des cours de yoga pour les enfants et les familles.<\/p>\n\n\n\n<p class=\"has-custom-floral-white-color has-text-color has-link-color wp-elements-1edbb5d38e9598678f8f807342a40e61\">Avec seulement <strong>4 \u00e0 8<\/strong> personnes maximum par cours, je suis \u00e0 l\u2019\u00e9coute de chacun(e) et je vous aide \u00e0 progresser en toute s\u00e9r\u00e9nit\u00e9.<\/p>\n\n\n\n<div style=\"height:34px\" aria-hidden=\"true\" class=\"wp-block-spacer\"><\/div>\n\n\n\n<div class=\"wp-block-buttons is-layout-flex wp-block-buttons-is-layout-flex\">\n<div class=\"wp-block-button is-style-fill\"><a class=\"wp-block-button__link has-custom-petal-frost-color has-text-color has-link-color has-border-color has-custom-petal-frost-border-color wp-element-button\" href=\"https:\/\/hyogge.fr\/?page_id=41\" style=\"border-width:2px\"><strong>Plus d&#8217;infos<\/strong><\/a><\/div>\n<\/div>\n<\/div><\/div>\n\n\n\n<div style=\"height:59px\" aria-hidden=\"true\" class=\"wp-block-spacer\"><\/div>\n\n\n\n<div class=\"wp-block-media-text has-media-on-the-right is-stacked-on-mobile\" style=\"padding-top:var(--wp--preset--spacing--60);padding-right:var(--wp--preset--spacing--60);padding-bottom:var(--wp--preset--spacing--60);padding-left:var(--wp--preset--spacing--60);grid-template-columns:auto 35%\"><div class=\"wp-block-media-text__content\">\n<h1 class=\"wp-block-heading\" style=\"padding-top:var(--wp--preset--spacing--30);padding-right:var(--wp--preset--spacing--30);padding-bottom:var(--wp--preset--spacing--30);padding-left:var(--wp--preset--spacing--30);font-size:clamp(42.068px, 2.629rem + ((1vw - 3.2px) * 3.719), 80px);\">Qui suis-je ?<\/h1>\n\n\n\n<p>Je m\u2019appelle Morgane Courant et j\u2019ai 32 ans.<br>J\u2019habite dans la Loire, proche de Saint-Etienne.<\/p>\n\n\n\n<p>Yogi depuis 10 ans et professeure de yoga int\u00e9gral (2019), je suis passionn\u00e9e par le corps et ses mouvements.<\/p>\n\n\n\n<p>Cette ann\u00e9e 2026, je cr\u00e9e mon entreprise Hyogge (prononciation : \u201chy-o-gueu\u201d) pour enfin transmettre le yoga.<\/p>\n\n\n\n<div style=\"height:34px\" aria-hidden=\"true\" class=\"wp-block-spacer\"><\/div>\n\n\n\n<div class=\"wp-block-buttons is-layout-flex wp-block-buttons-is-layout-flex\">\n<div class=\"wp-block-button\"><a class=\"wp-block-button__link wp-element-button\" href=\"https:\/\/hyogge.fr\/?page_id=37\">En savoir plus<\/a><\/div>\n<\/div>\n<\/div><figure class=\"wp-block-media-text__media\"><img loading=\"lazy\" decoding=\"async\" width=\"826\" height=\"1024\" src=\"https:\/\/hyogge.fr\/wp-content\/uploads\/2026\/03\/PXL_20260308_154501558.PORTRAIT-Copie-Copie-826x1024.jpg\" alt=\"\" class=\"wp-image-224 size-full\" srcset=\"https:\/\/hyogge.fr\/wp-content\/uploads\/2026\/03\/PXL_20260308_154501558.PORTRAIT-Copie-Copie-826x1024.jpg 826w, https:\/\/hyogge.fr\/wp-content\/uploads\/2026\/03\/PXL_20260308_154501558.PORTRAIT-Copie-Copie-242x300.jpg 242w, https:\/\/hyogge.fr\/wp-content\/uploads\/2026\/03\/PXL_20260308_154501558.PORTRAIT-Copie-Copie-768x952.jpg 768w, https:\/\/hyogge.fr\/wp-content\/uploads\/2026\/03\/PXL_20260308_154501558.PORTRAIT-Copie-Copie-1240x1536.jpg 1240w, https:\/\/hyogge.fr\/wp-content\/uploads\/2026\/03\/PXL_20260308_154501558.PORTRAIT-Copie-Copie-1653x2048.jpg 1653w, https:\/\/hyogge.fr\/wp-content\/uploads\/2026\/03\/PXL_20260308_154501558.PORTRAIT-Copie-Copie.jpg 2037w\" sizes=\"auto, (max-width: 826px) 100vw, 826px\" \/><\/figure><\/div>\n","protected":false},"excerpt":{"rendered":"<p>Besoin de (re)trouver votre rythme et de soutenir votre \u00e9nergie au quotidien ? Le yoga peut vous aider \u00e0 cultiver votre bulle de bien-\u00eatre au quotidien pour vous et votre famille. Prenez soin de vous physiquement, \u00e9motionnellement, mentalement. Vitalisez-vous et cocoonez-vous toute l&#8217;ann\u00e9e avec mes diff\u00e9rents cours de yoga et mes partages sur instagram.<\/p>\n","protected":false},"author":1,"featured_media":145,"parent":0,"menu_order":0,"comment_status":"closed","ping_status":"closed","template":"test","meta":{"footnotes":""},"class_list":["post-19","page","type-page","status-publish","has-post-thumbnail","hentry"],"_links":{"self":[{"href":"https:\/\/hyogge.fr\/index.php?rest_route=\/wp\/v2\/pages\/19","targetHints":{"allow":["GET"]}}],"collection":[{"href":"https:\/\/hyogge.fr\/index.php?rest_route=\/wp\/v2\/pages"}],"about":[{"href":"https:\/\/hyogge.fr\/index.php?rest_route=\/wp\/v2\/types\/page"}],"author":[{"embeddable":true,"href":"https:\/\/hyogge.fr\/index.php?rest_route=\/wp\/v2\/users\/1"}],"replies":[{"embeddable":true,"href":"https:\/\/hyogge.fr\/index.php?rest_route=%2Fwp%2Fv2%2Fcomments&post=19"}],"version-history":[{"count":35,"href":"https:\/\/hyogge.fr\/index.php?rest_route=\/wp\/v2\/pages\/19\/revisions"}],"predecessor-version":[{"id":219,"href":"https:\/\/hyogge.fr\/index.php?rest_route=\/wp\/v2\/pages\/19\/revisions\/219"}],"wp:featuredmedia":[{"embeddable":true,"href":"https:\/\/hyogge.fr\/index.php?rest_route=\/wp\/v2\/media\/145"}],"wp:attachment":[{"href":"https:\/\/hyogge.fr\/index.php?rest_route=%2Fwp%2Fv2%2Fmedia&parent=19"}],"curies":[{"name":"wp","href":"https:\/\/api.w.org\/{rel}","templated":true}]}}